{"id":223,"date":"2025-05-06T08:49:31","date_gmt":"2025-05-06T08:49:31","guid":{"rendered":"https:\/\/gigio.com.hr\/?post_type=product&#038;p=223"},"modified":"2025-05-06T08:50:49","modified_gmt":"2025-05-06T08:50:49","slug":"masazer","status":"publish","type":"product","link":"https:\/\/gigio.com.hr\/hr\/proizvod\/masazer\/","title":{"rendered":"Masa\u017eer"},"content":{"rendered":"<p>Zamislite ovo: opu\u0161taju\u0107a masa\u017ea u va\u0161em vlastitom bazenu, kad god po\u017eelite. Uz Gigio Hydro Massage, to je stvarnost! Ovaj inovativni dodatak pretvara va\u0161 bazen u oazu mira i opu\u0161tanja.<\/p>","protected":false},"excerpt":{"rendered":"<p>Zamislite ovo: opu\u0161taju\u0107a masa\u017ea u va\u0161em vlastitom bazenu, kad god po\u017eelite. Uz Gigio Hydro Massage, to je stvarnost! Ovaj inovativni dodatak pretvara va\u0161 bazen u oazu mira i opu\u0161tanja.<\/p>","protected":false},"featured_media":119,"comment_status":"open","ping_status":"closed","template":"","meta":[],"product_brand":[],"product_cat":[20],"product_tag":[],"class_list":{"0":"post-223","1":"product","2":"type-product","3":"status-publish","4":"has-post-thumbnail","6":"product_cat-uncategorized","8":"first","9":"instock","10":"sale","11":"shipping-taxable","12":"purchasable","13":"product-type-simple"},"_links":{"self":[{"href":"https:\/\/gigio.com.hr\/hr\/wp-json\/wp\/v2\/product\/223","targetHints":{"allow":["GET"]}}],"collection":[{"href":"https:\/\/gigio.com.hr\/hr\/wp-json\/wp\/v2\/product"}],"about":[{"href":"https:\/\/gigio.com.hr\/hr\/wp-json\/wp\/v2\/types\/product"}],"replies":[{"embeddable":true,"href":"https:\/\/gigio.com.hr\/hr\/wp-json\/wp\/v2\/comments?post=223"}],"wp:featuredmedia":[{"embeddable":true,"href":"https:\/\/gigio.com.hr\/hr\/wp-json\/wp\/v2\/media\/119"}],"wp:attachment":[{"href":"https:\/\/gigio.com.hr\/hr\/wp-json\/wp\/v2\/media?parent=223"}],"wp:term":[{"taxonomy":"product_brand","embeddable":true,"href":"https:\/\/gigio.com.hr\/hr\/wp-json\/wp\/v2\/product_brand?post=223"},{"taxonomy":"product_cat","embeddable":true,"href":"https:\/\/gigio.com.hr\/hr\/wp-json\/wp\/v2\/product_cat?post=223"},{"taxonomy":"product_tag","embeddable":true,"href":"https:\/\/gigio.com.hr\/hr\/wp-json\/wp\/v2\/product_tag?post=223"}],"curies":[{"name":"wp","href":"https:\/\/api.w.org\/{rel}","templated":true}]}}